{"id":43,"date":"2025-10-19T12:22:48","date_gmt":"2025-10-19T12:22:48","guid":{"rendered":"https:\/\/global-ibct.com\/consulting\/services\/"},"modified":"2025-10-31T16:44:57","modified_gmt":"2025-10-31T16:44:57","slug":"services","status":"publish","type":"page","link":"https:\/\/global-ibct.com\/consulting\/services\/","title":{"rendered":"Servi\u00e7os"},"content":{"rendered":"\n\n\n\n\n\n\n\n\n\n\n\n<h2><font color=\"#2a83f9\">Nossos Servi\u00e7os<\/font><\/h2>\n<h4>Descubra os nossos servi\u00e7os especializados em com\u00e9rcio internacional e consultoria estrat\u00e9gica, projetados para atender \u00e0s necessidades \u00fanicas de seu neg\u00f3cio.<\/h4>\n\n\n\n\n\n\n<p>Constitu\u00edmos estruturas empresariais em jurisdi\u00e7\u00f5es estrat\u00e9gicas, assegurando solidez jur\u00eddica, efici\u00eancia fiscal e credibilidade internacional. Conduzimos cada processo com discri\u00e7\u00e3o e precis\u00e3o, criando bases s\u00f3lidas para a sua expans\u00e3o global.<br><br><\/p>\n<p>Oferecemos assessoria estrat\u00e9gica em opera\u00e7\u00f5es de fus\u00e3o, aquisi\u00e7\u00e3o e aliena\u00e7\u00e3o de\nempresas. Com uma abordagem personalizada e uma an\u00e1lise minuciosa de valor, asseguramos transa\u00e7\u00f5es seguras, discretas e altamente rent\u00e1veis para investidores e empres\u00e1rios exigentes.<\/p>\n\n\n<p>Transformamos a ambi\u00e7\u00e3o de crescer al\u00e9m-fronteiras numa realidade estruturada e sustent\u00e1vel. A nossa equipa acompanha a sua empresa em todas as fases de internacionaliza\u00e7\u00e3o, garantindo uma presen\u00e7a global s\u00f3lida e perfeitamente alinhada com a sua estrat\u00e9gia empresarial.<br><\/p>\n<p>Identificamos e estruturamos oportunidades exclusivas no mercado imobili\u00e1rio global. A GLOBAL IBCT apoia cada investimento com uma vis\u00e3o estrat\u00e9gica e uma curadoria criteriosa, maximizando o retorno e preservando o prest\u00edgio do seu portef\u00f3lio.<\/p>\n\n\n<p>Operamos no setor de metais e pedras preciosas com integridade, confidencialidade e rigor absoluto. Facilitamos negocia\u00e7\u00f5es internacionais sustentadas por rela\u00e7\u00f5es de\nconfian\u00e7a, certifica\u00e7\u00e3o de origem e padr\u00f5es \u00e9ticos de excel\u00eancia.<br><br><\/p>\n<p>Atuamos no com\u00e9rcio internacional de bens e commodities com uma rede global de parceiros e uma gest\u00e3o operacional de excel\u00eancia. Garantimos efici\u00eancia, transpar\u00eancia e resultados consistentes em cada opera\u00e7\u00e3o, potenciando o crescimento sustent\u00e1vel dos nossos clientes.<\/p>\n\n\n\n\n<h2>Experi\u00eancia global. Solu\u00e7\u00f5es que geram resultados.<\/h2>\n\n\n\n\n<h5>Com d\u00e9cadas de atua\u00e7\u00e3o e presen\u00e7a internacional, oferecemos consultoria estrat\u00e9gica, solu\u00e7\u00f5es personalizadas e um compromisso inabal\u00e1vel com a excel\u00eancia e o sucesso dos nossos clientes.<\/h5>\n\n\n\n\n\n\n\n\n\n\n\n\n\n\n\n\n\n\n\n\n\n\n\n\n\n\n\n\n\n\n\n\n\n\n\n\n\n\n\n\n<p style=\"font-size: 16px\">Contamos com uma equipe de especialistas com vasta experi\u00eancia em v\u00e1rias regi\u00f5es e setores, prontos para atender suas necessidades espec\u00edficas.<\/p>\n\n\n\n\n<p style=\"font-size: 16px\">Oferecemos solu\u00e7\u00f5es personalizadas que atendem \u00e0s demandas particulares do seu neg\u00f3cio, considerando seu mercado e objetivos.<\/p>\n\n\n\n\n<p style=\"font-size: 16px\">Nosso foco \u00e9 nas necessidades de nossos clientes, garantindo que cada servi\u00e7o esteja alinhado com suas expectativas, desafios e necessidades.<\/p>\n\n\n\n\n\n","protected":false},"excerpt":{"rendered":"","protected":false},"author":1,"featured_media":0,"parent":0,"menu_order":0,"comment_status":"closed","ping_status":"closed","template":"","meta":{"pagelayer_contact_templates":[],"_pagelayer_content":"","footnotes":""},"class_list":["post-43","page","type-page","status-publish","hentry"],"_links":{"self":[{"href":"https:\/\/global-ibct.com\/consulting\/wp-json\/wp\/v2\/pages\/43","targetHints":{"allow":["GET"]}}],"collection":[{"href":"https:\/\/global-ibct.com\/consulting\/wp-json\/wp\/v2\/pages"}],"about":[{"href":"https:\/\/global-ibct.com\/consulting\/wp-json\/wp\/v2\/types\/page"}],"author":[{"embeddable":true,"href":"https:\/\/global-ibct.com\/consulting\/wp-json\/wp\/v2\/users\/1"}],"replies":[{"embeddable":true,"href":"https:\/\/global-ibct.com\/consulting\/wp-json\/wp\/v2\/comments?post=43"}],"version-history":[{"count":50,"href":"https:\/\/global-ibct.com\/consulting\/wp-json\/wp\/v2\/pages\/43\/revisions"}],"predecessor-version":[{"id":316,"href":"https:\/\/global-ibct.com\/consulting\/wp-json\/wp\/v2\/pages\/43\/revisions\/316"}],"wp:attachment":[{"href":"https:\/\/global-ibct.com\/consulting\/wp-json\/wp\/v2\/media?parent=43"}],"curies":[{"name":"wp","href":"https:\/\/api.w.org\/{rel}","templated":true}]}}