{"id":33,"date":"2025-10-19T12:22:46","date_gmt":"2025-10-19T12:22:46","guid":{"rendered":"https:\/\/global-ibct.com\/consulting\/about\/"},"modified":"2025-11-10T14:28:31","modified_gmt":"2025-11-10T14:28:31","slug":"about","status":"publish","type":"page","link":"https:\/\/global-ibct.com\/consulting\/about\/","title":{"rendered":"Sobre N\u00f3s"},"content":{"rendered":"\n\n\n\n\n\n\n\n\n<p><br><\/p>\n<p>A Global IBCT \u00e9 uma consultora internacional que combina vis\u00e3o estrat\u00e9gica, excel\u00eancia t\u00e9cnica e uma abordagem personalizada para apoiar empresas e investidores na constru\u00e7\u00e3o de estruturas corporativas s\u00f3lidas, \u00e9ticas e sustent\u00e1veis.<\/p>\n<p>Com uma equipa multidisciplinar e experi\u00eancia consolidada em diversos mercados, atuamos como parceiro global de confian\u00e7a, oferecendo solu\u00e7\u00f5es integradas que unem rigor, confidencialidade e efici\u00eancia em cada etapa do processo empresarial.\n<\/p>\n<p>A nossa atua\u00e7\u00e3o abrange um conjunto alargado de servi\u00e7os especializados, desenvolvidos para responder \u00e0s exig\u00eancias de um ambiente econ\u00f3mico cada vez mais competitivo e interligado.\n<\/p>\n<p>Prestamos consultoria estrat\u00e9gica a organiza\u00e7\u00f5es que procuram otimizar opera\u00e7\u00f5es, expandir fronteiras e consolidar presen\u00e7a internacional.\n<\/p>\n<p>Apoiamos a constitui\u00e7\u00e3o de empresas offshore, selecionando jurisdi\u00e7\u00f5es de prest\u00edgio e assegurando total conformidade com os padr\u00f5es legais e regulat\u00f3rios.\n<\/p>\n<p>Oferecemos tamb\u00e9m servi\u00e7os de compliance e gest\u00e3o corporativa, garantindo transpar\u00eancia, integridade e seguran\u00e7a em todas as opera\u00e7\u00f5es.\nComplementamos estas \u00e1reas com consultoria em trading, gest\u00e3o de ativos e desenvolvimento de neg\u00f3cios internacionais, sempre com enfoque na cria\u00e7\u00e3o de valor duradouro.\n<\/p>\n<p>Na Global IBCT, acreditamos que cada cliente \u00e9 \u00fanico.\nPor isso, desenvolvemos solu\u00e7\u00f5es personalizadas, baseadas numa an\u00e1lise profunda das necessidades e objetivos de cada projeto.\n<\/p>\n<p>A nossa metodologia privilegia o equil\u00edbrio entre inova\u00e7\u00e3o e prud\u00eancia, permitindo-nos antecipar riscos, identificar oportunidades e implementar estrat\u00e9gias eficazes que geram resultados consistentes.\nO nosso compromisso \u00e9 simples, mas inabal\u00e1vel: oferecer uma consultoria de excel\u00eancia que transforma complexidade em clareza e desafios em crescimento sustent\u00e1vel.\nTrabalhamos com integridade, discri\u00e7\u00e3o e profissionalismo, mantendo um padr\u00e3o de qualidade que reflete a confian\u00e7a que os nossos clientes depositam em n\u00f3s.\n<\/p>\n<p>Mais do que uma consultora, a Global IBCT \u00e9 um s\u00edmbolo de solidez e vis\u00e3o global \u2014 um parceiro estrat\u00e9gico preparado para conduzir empresas e investidores rumo a um futuro de expans\u00e3o, estabilidade e sucesso.<\/p>\n<p><br><\/p>\n\n\n\n\n\n\n<h2>Contacte-nos<\/h2>\n<h5>APOIO TOTAL. SUCESSO GLOBAL!<\/h5>\n\n\n\n\n\n<h2><font color=\"#2a83f9\">Nossas Estat\u00edsticas<\/font><\/h2>\n<h4>Veja como impactamos positivamente o com\u00e9rcio internacional.<\/h4>\n\n\n\n\n\n\n\n\n\n\n\n\n\n\n\n\n\n\n\n\n\n\n\n\n\n\n\n\n\n\n\n\n\n\n\n\n\n<h2><font color=\"#2a83f9\">Conhe\u00e7a Nossa Equipe<\/font><\/h2>\n<h4>Profissionais dedicados que trazem a experi\u00eancia e o conhecimento necess\u00e1rios para o seu sucesso internacional.<\/h4>\n<h4><\/h4>\n\n\n\n\n\n\n\n\n\n\n\n\n\n\n\n\n\n\n\n<h2><font color=\"#2a83f9\">Nossas Caracter\u00edsticas<\/font><\/h2>\n<h6>Explore nossas caracter\u00edsticas exclusivas que tornam nossos servi\u00e7os diferenciados e eficazes no com\u00e9rcio internacional.<\/h6>\n\n\n\n\n\n\n\n\n\n\n<p style=\"font-size: 16px\">Contamos com uma equipe de especialistas com vasta experi\u00eancia em v\u00e1rias regi\u00f5es e setores, prontos para atender suas necessidades espec\u00edficas.<\/p>\n\n\n\n\n<p style=\"font-size: 16px\">Oferecemos solu\u00e7\u00f5es personalizadas que atendem \u00e0s demandas particulares do seu neg\u00f3cio, considerando seu mercado e objetivos.<\/p>\n\n\n\n\n<p style=\"font-size: 16px\">Nosso foco \u00e9 nas necessidades de nossos clientes, garantindo que cada servi\u00e7o esteja alinhado com suas expectativas, desafios e necessidades.<\/p>\n\n\n\n\n","protected":false},"excerpt":{"rendered":"","protected":false},"author":1,"featured_media":0,"parent":0,"menu_order":0,"comment_status":"closed","ping_status":"closed","template":"","meta":{"pagelayer_contact_templates":[],"_pagelayer_content":"","footnotes":""},"class_list":["post-33","page","type-page","status-publish","hentry"],"_links":{"self":[{"href":"https:\/\/global-ibct.com\/consulting\/wp-json\/wp\/v2\/pages\/33","targetHints":{"allow":["GET"]}}],"collection":[{"href":"https:\/\/global-ibct.com\/consulting\/wp-json\/wp\/v2\/pages"}],"about":[{"href":"https:\/\/global-ibct.com\/consulting\/wp-json\/wp\/v2\/types\/page"}],"author":[{"embeddable":true,"href":"https:\/\/global-ibct.com\/consulting\/wp-json\/wp\/v2\/users\/1"}],"replies":[{"embeddable":true,"href":"https:\/\/global-ibct.com\/consulting\/wp-json\/wp\/v2\/comments?post=33"}],"version-history":[{"count":36,"href":"https:\/\/global-ibct.com\/consulting\/wp-json\/wp\/v2\/pages\/33\/revisions"}],"predecessor-version":[{"id":538,"href":"https:\/\/global-ibct.com\/consulting\/wp-json\/wp\/v2\/pages\/33\/revisions\/538"}],"wp:attachment":[{"href":"https:\/\/global-ibct.com\/consulting\/wp-json\/wp\/v2\/media?parent=33"}],"curies":[{"name":"wp","href":"https:\/\/api.w.org\/{rel}","templated":true}]}}