{"id":312,"date":"2025-10-31T16:36:07","date_gmt":"2025-10-31T16:36:07","guid":{"rendered":"https:\/\/global-ibct.com\/consulting\/?page_id=312"},"modified":"2025-11-11T10:16:44","modified_gmt":"2025-11-11T10:16:44","slug":"services-buy-sell-companies","status":"publish","type":"page","link":"https:\/\/global-ibct.com\/consulting\/services\/services-buy-sell-companies\/","title":{"rendered":"Compra e Venda de Empresas"},"content":{"rendered":"\n\n\n<h1>Compra e Venda de Empresas<\/h1>\n<p [object NamedNodeMap]><br><br><span style=\"color: white;\">Apoiamos processos de compra, venda e fus\u00e3o de empresas com estrat\u00e9gia, an\u00e1lise rigorosa e negocia\u00e7\u00e3o estruturada, garantindo valor, seguran\u00e7a e resultados consistentes.<\/span><\/p>\n\n\n\n\n\n\n\n\n\n\n<h2><font color=\"#2a83f9\">Nossos Servi\u00e7os<\/font><\/h2>\n\n\n\n<p><strong>Confidencialidade e solu\u00e7\u00f5es sob medida<\/strong><\/p><p>Assessoria integral e personalizada com rigor, dilig\u00eancia e vis\u00e3o estrat\u00e9gica.<\/p>\n\n\n\n\n\n\n\n\n<h4>Compra, Venda e Fus\u00e3o de Empresas<\/h4>\n\n\n\n\n<p>Transformamos oportunidades em resultados estrat\u00e9gicos. Apoiamos empres\u00e1rios, investidores e grupos corporativos em todas as fases dos processos de <strong>aquisi\u00e7\u00e3o, venda e fus\u00e3o de empresas<\/strong>, com uma abordagem rigorosa, confidencial e orientada ao valor.\n<br>Com experi\u00eancia comprovada e uma rede internacional de parceiros, garantimos <strong>avalia\u00e7\u00f5es precisas, identifica\u00e7\u00e3o de sinergias e negocia\u00e7\u00f5es estruturadas<\/strong> que conduzem a decis\u00f5es s\u00f3lidas e sustent\u00e1veis. Cada opera\u00e7\u00e3o \u00e9 conduzida com discri\u00e7\u00e3o, transpar\u00eancia e excel\u00eancia, assegurando o equil\u00edbrio perfeito entre estrat\u00e9gia, retorno e crescimento.<\/p>\n\n\n\n\n\n\n\n\n<h4>Abordagem Estrat\u00e9gica<\/h4>\n\n\n\n\n<p>\n\n\nCada transa\u00e7\u00e3o \u00e9 \u00fanica \u2014 e a nossa abordagem reflete essa singularidade. Atuamos de forma <strong>estrat\u00e9gica, anal\u00edtica e orientada a resultados<\/strong>, integrando vis\u00e3o de mercado, intelig\u00eancia financeira e planeamento corporativo.\n<br>Combinamos <strong>an\u00e1lise aprofundada, due diligence rigorosa e modelos de valoriza\u00e7\u00e3o personalizados<\/strong> para identificar o verdadeiro potencial de cada neg\u00f3cio. A nossa interven\u00e7\u00e3o vai al\u00e9m da intermedia\u00e7\u00e3o: desenhamos <strong>estrat\u00e9gias de posicionamento e crescimento<\/strong> que asseguram valor sustent\u00e1vel no longo prazo.\n\n\n<\/p>\n\n\n\n\n\n\n\n\n<h4>Servi\u00e7os Prestados<\/h4>\n\n\n\n\n<p><span style=\"font-weight: bolder;\">-Assessoria na Compra de Empresas<\/span><\/p>\n<p><span\u00a0style=\"font-weight: bolder;\"=\"\">Ajudamos o comprador a identificar oportunidades, conduzir due diligence (financeira, legal, operacional e regulat\u00f3ria), estruturar a transa\u00e7\u00e3o (contrata\u00e7\u00e3o, financiamento, acordos de compra) e garantir uma integra\u00e7\u00e3o p\u00f3s-aquisi\u00e7\u00e3o bem-sucedida.<\/span\u00a0style=\"font-weight:><\/p>\n<p><span data-start=\"1109\" data-end=\"1146\" style=\"font-weight: bolder;\">&#8211; Estrutura\u00e7\u00e3o da Venda de Empresas<\/span><\/p>\n<p>Assistimos o vendedor na prepara\u00e7\u00e3o da empresa para venda (revis\u00e3o estrat\u00e9gica, prepara\u00e7\u00e3o de documenta\u00e7\u00e3o, otimiza\u00e7\u00e3o de valor), marketing da venda, negocia\u00e7\u00e3o e implementa\u00e7\u00e3o da transa\u00e7\u00e3o, maximizando o retorno sobre o investimento.<\/p>\n<p><span style=\"font-weight: bolder;\">&#8211; Fus\u00f5es e Aquisi\u00e7\u00f5es (M&amp;A)<\/span><\/p>\n<p>Facilitamos fus\u00f5es corporativas, joint-ventures estrat\u00e9gicas ou aquisi\u00e7\u00f5es majorit\u00e1rias\/minorit\u00e1rias. Inclui an\u00e1lise de sinergias, modelagem de transa\u00e7\u00e3o, estrutura de governan\u00e7a p\u00f3s-fus\u00e3o e execu\u00e7\u00e3o da integra\u00e7\u00e3o.<\/p>\n<p><span style=\"font-weight: bolder;\">&#8211; Planeamento de Sa\u00edda e Liquidez para S\u00f3cios<\/span><\/p>\n<p>Desenvolvemos estrat\u00e9gias para acionistas que desejam monetizar seus investimentos ou efetuar uma transi\u00e7\u00e3o, incluindo estrutura\u00e7\u00e3o de earn-outs, venda gradual ou recapitaliza\u00e7\u00f5es.<\/p>\n<p><span style=\"font-weight: bolder;\">&#8211; Estrutura Societ\u00e1ria, Fiscal e de Compliance<\/span><\/p>\n<p>Avaliamos o impacto fiscal, regulat\u00f3rio e societ\u00e1rio da transa\u00e7\u00e3o, propondo estruturas de aquisi\u00e7\u00e3o ou venda que mitiguem riscos, otimizem impostos e assegurem conformidade local e internacional.<\/p>\n<p><span style=\"font-weight: bolder;\">&#8211; Integra\u00e7\u00e3o P\u00f3s-Transa\u00e7\u00e3o<\/span><\/p>\n<p>Acompanhamento para garantir que a empresa resultante da compra\/venda\/fus\u00e3o integre sistemas, processos, cultura e governan\u00e7a de forma eficiente, minimizando a disrup\u00e7\u00e3o e acelerando os benef\u00edcios.<\/p>\n\n\n\n\n\n\n\n\n<h4><span style=\"color: rgb(11, 60, 93);\">Como Funciona o nosso Processo em 5 etapas<\/span><\/h4>\n\n\n\n\n<p>1-<span style=\"font-weight: bolder;\">&nbsp;Avalia\u00e7\u00e3o e defini\u00e7\u00e3o de estrat\u00e9gia<\/span><\/p>\n<p><span\u00a0style=\"font-weight: bolder;\"=\"\">Entendemos os seus objetivos, perfil de transa\u00e7\u00e3o (compra, venda ou fus\u00e3o) e definimos o roadmap.<\/span\u00a0style=\"font-weight:><\/p>\n<p>2-&nbsp;<span style=\"font-weight: bolder;\">Prepara\u00e7\u00e3o e dilig\u00eancia<\/span><\/p>\n<p>Conduzimos due diligence rigorosa, preparamos a documenta\u00e7\u00e3o e validamos a estrutura da transa\u00e7\u00e3o.<\/p>\n<p>3-&nbsp;<span style=\"font-weight: bolder;\">Negocia\u00e7\u00e3o e estrutura\u00e7\u00e3o<\/span><\/p>\n<p>Definimos os termos do neg\u00f3cio, condi\u00e7\u00f5es, riscos, financiamento e modelo societ\u00e1rio.<\/p>\n<p>4-&nbsp;<span style=\"font-weight: bolder;\">Assinatura e execu\u00e7\u00e3o<\/span><\/p>\n<p>Conduzimos a formaliza\u00e7\u00e3o da transa\u00e7\u00e3o, trabalhamos com os parceiros legais e financeiros, garantimos o cumprimento das condi\u00e7\u00f5es.<\/p>\n<p>5-&nbsp;<span style=\"font-weight: bolder;\">Integra\u00e7\u00e3o e acompanhamento p\u00f3s-transa\u00e7\u00e3o<\/span><\/p>\n<p>Monitorizamos e apoiamos a integra\u00e7\u00e3o operacional, cultural e estrat\u00e9gica da nova entidade ou estrutura de neg\u00f3cio.<\/p>\n\n\n\n\n\n\n\n\n<h2><span style=\"color: rgb(11, 60, 93); font-size: 20px; font-weight: 600;\">Para Quem se Destina<\/span><\/h2>\n\n\n\n\n<p>Empresas que procuram crescer via aquisi\u00e7\u00e3o de concorrentes, fornecedores ou novos mercados. Empres\u00e1rios que desejam vender ou levantar capital em suas empresas. Organiza\u00e7\u00f5es que procuram combinar for\u00e7as atrav\u00e9s de fus\u00e3o para ganhar escala, efici\u00eancia ou alcance geogr\u00e1fico. Investidores institucionais ou privados que querem entrar ou sair de participa\u00e7\u00f5es em empresas.<\/p>\n\n\n\n\n\n\n\n\n<h2><span style=\"color: rgb(11, 60, 93); font-size: 20px; font-weight: 600;\">O Nosso Diferencial<\/span><\/h2>\n\n\n\n\n<p>\nO nosso diferencial est\u00e1 na <strong>combina\u00e7\u00e3o entre vis\u00e3o estrat\u00e9gica, rigor t\u00e9cnico e experi\u00eancia internacional<\/strong>. Atuamos com uma perspetiva global e uma compreens\u00e3o profunda das din\u00e2micas empresariais locais, assegurando solu\u00e7\u00f5es sob medida para cada cliente e cada transa\u00e7\u00e3o.\n<br>Mais do que concretizar neg\u00f3cios, <strong>criamos valor sustent\u00e1vel<\/strong> atrav\u00e9s de uma abordagem centrada na confian\u00e7a, na confidencialidade e na excel\u00eancia operacional. Cada projeto \u00e9 conduzido com total dedica\u00e7\u00e3o, apoiado por <strong>metodologias exclusivas, an\u00e1lises detalhadas e negocia\u00e7\u00e3o orientada a resultados<\/strong>.\n<br>Acreditamos que o sucesso est\u00e1 na diferen\u00e7a entre <strong>executar uma opera\u00e7\u00e3o e construir uma estrat\u00e9gia vencedora<\/strong> \u2014 e \u00e9 nessa diferen\u00e7a que a nossa atua\u00e7\u00e3o se distingue.\n\n<\/p>\n\n\n\n\n\n\n\n\n<p><span style=\"color: #0b3c5d;\"><strong>\nTransforme o potencial do seu neg\u00f3cio em resultados concretos \u2014 com a estrat\u00e9gia certa, cada decis\u00e3o torna-se uma oportunidade de crescimento.<\/strong><\/span><\/p>\n\n\n\n\n\n\n\n\n<h4>D\u00ea o Pr\u00f3ximo Passo com Estrat\u00e9gia e Confian\u00e7a<\/h4>\n\n\n\n\n<p>O sucesso de uma transa\u00e7\u00e3o come\u00e7a com a decis\u00e3o certa. <a href=\"https:\/\/global-ibct.com\/consulting\/contact\/\">Fale connosco<\/a> e descubra como transformar oportunidades em valor real \u2014 com uma equipa que alia vis\u00e3o global, precis\u00e3o t\u00e9cnica e total confidencialidade.<\/p>\n\n\n\n\n\n\n\n\n\n\n","protected":false},"excerpt":{"rendered":"","protected":false},"author":1,"featured_media":0,"parent":43,"menu_order":4,"comment_status":"closed","ping_status":"closed","template":"","meta":{"pagelayer_contact_templates":[],"_pagelayer_content":"","footnotes":""},"class_list":["post-312","page","type-page","status-publish","hentry"],"_links":{"self":[{"href":"https:\/\/global-ibct.com\/consulting\/wp-json\/wp\/v2\/pages\/312","targetHints":{"allow":["GET"]}}],"collection":[{"href":"https:\/\/global-ibct.com\/consulting\/wp-json\/wp\/v2\/pages"}],"about":[{"href":"https:\/\/global-ibct.com\/consulting\/wp-json\/wp\/v2\/types\/page"}],"author":[{"embeddable":true,"href":"https:\/\/global-ibct.com\/consulting\/wp-json\/wp\/v2\/users\/1"}],"replies":[{"embeddable":true,"href":"https:\/\/global-ibct.com\/consulting\/wp-json\/wp\/v2\/comments?post=312"}],"version-history":[{"count":41,"href":"https:\/\/global-ibct.com\/consulting\/wp-json\/wp\/v2\/pages\/312\/revisions"}],"predecessor-version":[{"id":613,"href":"https:\/\/global-ibct.com\/consulting\/wp-json\/wp\/v2\/pages\/312\/revisions\/613"}],"up":[{"embeddable":true,"href":"https:\/\/global-ibct.com\/consulting\/wp-json\/wp\/v2\/pages\/43"}],"wp:attachment":[{"href":"https:\/\/global-ibct.com\/consulting\/wp-json\/wp\/v2\/media?parent=312"}],"curies":[{"name":"wp","href":"https:\/\/api.w.org\/{rel}","templated":true}]}}